{"id":1817,"date":"2020-10-12T16:25:27","date_gmt":"2020-10-12T14:25:27","guid":{"rendered":"https:\/\/help.master-report.com\/?page_id=1817"},"modified":"2022-12-05T13:54:24","modified_gmt":"2022-12-05T12:54:24","slug":"video","status":"publish","type":"page","link":"https:\/\/help.master-report.com\/?page_id=1817","title":{"rendered":"Recommandations pour les photos et vid\u00e9os"},"content":{"rendered":"\n<h2 class=\"wp-block-heading\">Photos<\/h2>\n\n\n\n<p>La g\u00e9n\u00e9ration d&rsquo;un document n\u00e9cessite de nombreux calculs, et le mod\u00e8le de l&rsquo;iPad influe sur le nombre maximum de photos qu&rsquo;un document peut comporter.<\/p>\n\n\n\n<p>Sur les anciens iPads tels que l&rsquo;iPad 7, un document peut contenir que 300 ou 400 photos.<\/p>\n\n\n\n<p>Sur les derniers iPads Pro, un document peut contenir 1800 photos.<\/p>\n\n\n\n<p>Il est n\u00e9cessaire de faire attention au mat\u00e9riel utilis\u00e9 et au nombre de photos de vos documents.<\/p>\n\n\n\n<h2 class=\"wp-block-heading\">Vid\u00e9o<\/h2>\n\n\n\n<p>La g\u00e9n\u00e9ration d&rsquo;un film n\u00e9cessite de disposer d&rsquo;un iPad r\u00e9cent (la puissance de calcul n\u00e9cessaire est tr\u00e8s importante et impose de disposer d&rsquo;une processeur r\u00e9cent).<\/p>\n\n\n\n<p>Nous avons qualifi\u00e9 les mod\u00e8les suivants :<\/p>\n\n\n\n<p>iPad classique 10.2<\/p>\n\n\n\n<ul class=\"wp-block-list\"><li>iPad 7 128 Go Wifi + Cellular &#8211; <strong>film complet limit\u00e9 \u00e0 20 minutes<\/strong><\/li><li>iPad 8 128 Go Wifi + Cellular &#8211; <strong>film complet limit\u00e9 \u00e0 20 minutes<\/strong><\/li><\/ul>\n\n\n\n<p>iPad Pro<\/p>\n\n\n\n<ul class=\"wp-block-list\"><li>iPad Pro 10.5 &#8211; <strong>film complet limit\u00e9 \u00e0 20 minutes<\/strong><\/li><li>iPad Pro 11 (2018) (nous avons pu g\u00e9n\u00e9rer un film de 3 heures)<\/li><li>iPad Pro 11 (2020) (nous avons pu g\u00e9n\u00e9rer un film de 3 heures)<\/li><\/ul>\n\n\n\n<p>Nous ne disposons pas de chaque version de mat\u00e9riel et n&rsquo;avons donc pas test\u00e9 chaque mod\u00e8le (iPad Air, iPad 13 par exemple). <\/p>\n\n\n\n<p>Si votre iPad n&rsquo;est pas list\u00e9, nous vous conseillons de tester la g\u00e9n\u00e9ration d&rsquo;un film de plus d&rsquo;une heure afin de v\u00e9rifier que votre mat\u00e9riel est assez r\u00e9cent.<\/p>\n\n\n\n<p>Il est important que votre iPad dispose de suffisamment de place pour r\u00e9aliser le film. <strong>Nous recommandons de disposer de 60 Go d&rsquo;espace disque.<\/strong><\/p>\n\n\n\n<p>Ce qu&rsquo;il faut savoir, c&rsquo;est que 10 minutes de film en r\u00e9solution 1280&#215;720 occupe 400 Mo.<\/p>\n\n\n\n<p>Chaque s\u00e9quence de film est stock\u00e9e dans l&rsquo;application et recopi\u00e9e automatiquement dans l&rsquo;application Photo.<\/p>\n\n\n\n<p>Il faut donc 3 fois l&rsquo;espace disponible  :<\/p>\n\n\n\n<ul class=\"wp-block-list\"><li>S\u00e9quence (rush) dans l&rsquo;application<\/li><li>S\u00e9quence dans l&rsquo;application Photo<\/li><li>Film g\u00e9n\u00e9r\u00e9<\/li><\/ul>\n","protected":false},"excerpt":{"rendered":"<p>Photos La g\u00e9n\u00e9ration d&rsquo;un document n\u00e9cessite de nombreux calculs, et le mod\u00e8le de l&rsquo;iPad influe sur le nombre maximum de photos qu&rsquo;un document peut comporter. Sur les anciens iPads tels que l&rsquo;iPad 7, un document peut contenir que 300 ou 400 photos. Sur les derniers iPads Pro, un document peut contenir 1800 photos. Il est<\/p>\n","protected":false},"author":1,"featured_media":0,"parent":0,"menu_order":0,"comment_status":"closed","ping_status":"closed","template":"","meta":{"footnotes":""},"class_list":["post-1817","page","type-page","status-publish","hentry"],"acf":[],"_links":{"self":[{"href":"https:\/\/help.master-report.com\/index.php?rest_route=\/wp\/v2\/pages\/1817","targetHints":{"allow":["GET"]}}],"collection":[{"href":"https:\/\/help.master-report.com\/index.php?rest_route=\/wp\/v2\/pages"}],"about":[{"href":"https:\/\/help.master-report.com\/index.php?rest_route=\/wp\/v2\/types\/page"}],"author":[{"embeddable":true,"href":"https:\/\/help.master-report.com\/index.php?rest_route=\/wp\/v2\/users\/1"}],"replies":[{"embeddable":true,"href":"https:\/\/help.master-report.com\/index.php?rest_route=%2Fwp%2Fv2%2Fcomments&post=1817"}],"version-history":[{"count":6,"href":"https:\/\/help.master-report.com\/index.php?rest_route=\/wp\/v2\/pages\/1817\/revisions"}],"predecessor-version":[{"id":2232,"href":"https:\/\/help.master-report.com\/index.php?rest_route=\/wp\/v2\/pages\/1817\/revisions\/2232"}],"wp:attachment":[{"href":"https:\/\/help.master-report.com\/index.php?rest_route=%2Fwp%2Fv2%2Fmedia&parent=1817"}],"curies":[{"name":"wp","href":"https:\/\/api.w.org\/{rel}","templated":true}]}}