{"id":2476,"date":"2023-12-04T23:12:06","date_gmt":"2023-12-04T22:12:06","guid":{"rendered":"https:\/\/help.master-report.com\/?page_id=2476"},"modified":"2025-07-28T14:24:36","modified_gmt":"2025-07-28T12:24:36","slug":"formation-constat-video","status":"publish","type":"page","link":"https:\/\/help.master-report.com\/?page_id=2476","title":{"rendered":"Formation en vid\u00e9o"},"content":{"rendered":"\n<p>>\u00a0<a href=\"https:\/\/help.master-report.com\/\">Accueil de l\u2019aide<\/a><\/p>\n\n\n\n<p>Cette formation pr\u00e9sente diff\u00e9rents modules pour ma\u00eetriser Master Report. Vous avez le choix entre visionner la vid\u00e9o du module complet ou uniquement les vid\u00e9os des fonctionnalit\u00e9s, list\u00e9es dans les tableaux.<\/p>\n\n\n\n<h2 class=\"wp-block-heading\">Modules :<\/h2>\n\n\n\n<ul class=\"wp-block-list\">\n<li><strong>Constat avant-travaux (35 min)<\/strong><\/li>\n\n\n\n<li><strong>Constat d&rsquo;affichage (7 min)<\/strong><\/li>\n\n\n\n<li><strong>Mod\u00e8les de documents et vid\u00e9o (11 min)<\/strong><\/li>\n\n\n\n<li><strong>Espace client (7 min)<\/strong><\/li>\n<\/ul>\n\n\n\n<h2 class=\"wp-block-heading\">Module n\u00b01 : le constat Avant-Travaux<\/h2>\n\n\n\n<p>Fonctionnalit\u00e9s abord\u00e9es dans cette vid\u00e9o :<\/p>\n\n\n\n<figure class=\"wp-block-table\"><table><tbody><tr><td>&#8211; <a href=\"https:\/\/help.master-report.com\/?page_id=2486\">Recherche INSEE<\/a>  (1 min 30)<\/td><td>&#8211; <a href=\"https:\/\/help.master-report.com\/?page_id=2530\">G\u00e9oportail, OpenStreetMap, &#8230;<\/a> (1 min20) <em>(iPad uniquement)<\/em><\/td><\/tr><tr><td>&#8211; <a href=\"https:\/\/help.master-report.com\/?page_id=2491\">Assistant GPS<\/a>  (1 min)<\/td><td>&#8211; <a href=\"https:\/\/help.master-report.com\/?page_id=2533\">Carte GPS avec position des photos<\/a> (1 min) <em>(iPad uniquement)<\/em><\/td><\/tr><tr><td>&#8211; <a href=\"https:\/\/help.master-report.com\/?page_id=2508\">Tarification<\/a> (2 min 20)<\/td><td>&#8211; <a href=\"https:\/\/help.master-report.com\/?page_id=2536\">Ordre des photos<\/a> (50 s)<\/td><\/tr><tr><td>&#8211; <a href=\"https:\/\/help.master-report.com\/?page_id=2555\">Changement du requ\u00e9rant<\/a> (40s)<\/td><td>&#8211; <a href=\"https:\/\/help.master-report.com\/?page_id=2539\">Galerie photos du document<\/a> (40 s)<\/td><\/tr><tr><td>&#8211; <a href=\"https:\/\/help.master-report.com\/?page_id=2511\">Photos du lieu du constat<\/a> (2 min 50)<\/td><td>&#8211; <a href=\"https:\/\/help.master-report.com\/?page_id=2542\">Int\u00e9gration d&rsquo;un PDF<\/a> (3 min)<\/td><\/tr><tr><td>&#8211; <a href=\"https:\/\/help.master-report.com\/?page_id=2514\">Les intervenants<\/a> (3 min)<\/td><td>&#8211; <a href=\"https:\/\/help.master-report.com\/?page_id=2545\">Mise en page<\/a> (1 min 50)<\/td><\/tr><tr><td>&#8211; <a href=\"https:\/\/help.master-report.com\/?page_id=2516\">Chapitres, sections et titres par d\u00e9faut<\/a> (3 min 55)<\/td><td>&#8211; <a href=\"https:\/\/help.master-report.com\/?page_id=2547\">Signatures<\/a> (30 s)<\/td><\/tr><tr><td>&#8211; <a href=\"https:\/\/help.master-report.com\/?page_id=2557\">Prise de photos<\/a> (4 min 10) <em>(iPad uniquement)<\/em><\/td><td>&#8211; <a href=\"https:\/\/help.master-report.com\/?page_id=2549\">Mode projet<\/a> (30 s)<\/td><\/tr><tr><td>&#8211; <a href=\"https:\/\/help.master-report.com\/?page_id=2521\">Annotations des photos<\/a> (2 min 50) <em>(iPad uniquement)<\/em><\/td><td>&#8211; <a href=\"https:\/\/help.master-report.com\/?page_id=2551\">Export du document<\/a> (30 s)<\/td><\/tr><tr><td>&#8211; <a href=\"https:\/\/help.master-report.com\/?page_id=2524\">Import depuis la galerie photos<\/a> (0 min 40)<\/td><td>&#8211; <a href=\"https:\/\/help.master-report.com\/?page_id=2508\">Devis Facture<\/a> (2 min 20)<\/td><\/tr><tr><td>&#8211; <a href=\"https:\/\/help.master-report.com\/?page_id=2528\">Scanner<\/a> (0 min 50)<\/td><td><\/td><\/tr><\/tbody><\/table><\/figure>\n\n\n\n<p>Dur\u00e9e : 35 min<\/p>\n\n\n\n<div style=\"padding:56.25% 0 0 0;position:relative;\"><iframe src=\"https:\/\/player.vimeo.com\/video\/891369320?badge=0&amp;autopause=0&amp;quality_selector=1&amp;player_id=0&amp;app_id=58479\" frameborder=\"0\" allow=\"autoplay; fullscreen; picture-in-picture\" style=\"position:absolute;top:0;left:0;width:100%;height:100%;\" title=\"constat_avant_travaux\"><\/iframe><\/div><script src=\"https:\/\/player.vimeo.com\/api\/player.js\"><\/script>\n\n\n\n<h2 class=\"wp-block-heading\">Module n\u00b02 : le constat d&rsquo;Affichage<\/h2>\n\n\n\n<p>Fonctionnalit\u00e9s abord\u00e9es dans cette vid\u00e9o :<\/p>\n\n\n\n<figure class=\"wp-block-table\"><table><tbody><tr><td>\u2013&nbsp;<a href=\"https:\/\/help.master-report.com\/?page_id=2568\">Mod\u00e8les de panneaux<\/a>&nbsp;(1 min 10)<\/td><td>\u2013&nbsp;<a href=\"https:\/\/help.master-report.com\/?page_id=2566\">Attestation de passage<\/a> (30 s)<\/td><\/tr><tr><td>\u2013&nbsp;<a href=\"https:\/\/help.master-report.com\/?page_id=2570\">Photo en pleine page<\/a> (20 s)<\/td><td><\/td><\/tr><\/tbody><\/table><\/figure>\n\n\n\n<p>Dur\u00e9e : 7 min<\/p>\n\n\n\n<div style=\"padding:56.25% 0 0 0;position:relative;\"><iframe src=\"https:\/\/player.vimeo.com\/video\/899345021?badge=0&amp;autopause=0&amp;quality_selector=1&amp;player_id=0&amp;app_id=58479\" frameborder=\"0\" allow=\"autoplay; fullscreen; picture-in-picture\" style=\"position:absolute;top:0;left:0;width:100%;height:100%;\" title=\"constat_avant_travaux\"><\/iframe><\/div><script src=\"https:\/\/player.vimeo.com\/api\/player.js\"><\/script>\n\n\n\n<h2 class=\"wp-block-heading\">Module n\u00b03 : les mod\u00e8les de documents et la vid\u00e9o<\/h2>\n\n\n\n<p>Fonctionnalit\u00e9s abord\u00e9es dans cette vid\u00e9o :<\/p>\n\n\n\n<figure class=\"wp-block-table\"><table><tbody><tr><td>\u2013&nbsp;<a href=\"https:\/\/help.master-report.com\/?page_id=2587\">Mod\u00e8les de document<\/a>&nbsp;(1 min 10)<\/td><td>\u2013&nbsp;<a href=\"https:\/\/help.master-report.com\/?page_id=2592\">Enregistrement de vid\u00e9o<\/a> (2 min)<\/td><\/tr><tr><td>\u2013&nbsp;<a href=\"https:\/\/help.master-report.com\/?page_id=2589\">Mod\u00e8le de texte<\/a> (1 min 50 )<\/td><td>&#8211; <a href=\"https:\/\/help.master-report.com\/?page_id=2594\">Montage du film<\/a> (4 min 20)<\/td><\/tr><\/tbody><\/table><\/figure>\n\n\n\n<p>Dur\u00e9e : 11 min<\/p>\n\n\n\n<div style=\"padding:56.25% 0 0 0;position:relative;\"><iframe src=\"https:\/\/player.vimeo.com\/video\/899972243?badge=0&amp;autopause=0&amp;quality_selector=1&amp;player_id=0&amp;app_id=58479\" frameborder=\"0\" allow=\"autoplay; fullscreen; picture-in-picture\" style=\"position:absolute;top:0;left:0;width:100%;height:100%;\" title=\"constat_avant_travaux\"><\/iframe><\/div><script src=\"https:\/\/player.vimeo.com\/api\/player.js\"><\/script>\n\n\n\n<h2 class=\"wp-block-heading\">Module n\u00b04 : L&rsquo;espace client<\/h2>\n\n\n\n<p>Fonctionnalit\u00e9s abord\u00e9es dans cette vid\u00e9o :<\/p>\n\n\n\n<figure class=\"wp-block-table\"><table><tbody><tr><td>\u2013&nbsp;<a href=\"https:\/\/help.master-report.com\/?page_id=2598\">Accueil<\/a>&nbsp;(25 s)<\/td><td>\u2013&nbsp;<a href=\"https:\/\/help.master-report.com\/?page_id=2607\">Coordonn\u00e9es &amp; Utilisateurs<\/a>&nbsp;(40 s)<\/td><\/tr><tr><td>\u2013&nbsp;<a href=\"https:\/\/help.master-report.com\/?page_id=2601\">Clients &amp; Lieux<\/a>&nbsp;(30 s)<\/td><td>\u2013&nbsp;<a href=\"https:\/\/help.master-report.com\/?page_id=2609\">Statistiques utilisateurs<\/a>&nbsp;(1 min)<\/td><\/tr><tr><td>\u2013&nbsp;<a href=\"https:\/\/help.master-report.com\/?page_id=2603\">Documents<\/a>&nbsp;(1 min 45)<\/td><td>\u2013&nbsp;<a href=\"https:\/\/help.master-report.com\/?page_id=2611\">Centre de comp\u00e9tences<\/a>&nbsp;(1 min 30)<\/td><\/tr><tr><td>\u2013&nbsp;<a href=\"https:\/\/help.master-report.com\/?page_id=2605\">Configuration<\/a>&nbsp;(1 min 20)<\/td><td><\/td><\/tr><\/tbody><\/table><\/figure>\n\n\n\n<p>Dur\u00e9e : 7 min<\/p>\n\n\n\n<div style=\"padding:56.25% 0 0 0;position:relative;\"><iframe src=\"https:\/\/player.vimeo.com\/video\/900954838?badge=0&amp;autopause=0&amp;quality_selector=1&amp;player_id=0&amp;app_id=58479\" frameborder=\"0\" allow=\"autoplay; fullscreen; picture-in-picture\" style=\"position:absolute;top:0;left:0;width:100%;height:100%;\" title=\"constat_avant_travaux\"><\/iframe><\/div><script src=\"https:\/\/player.vimeo.com\/api\/player.js\"><\/script>\n","protected":false},"excerpt":{"rendered":"<p>>\u00a0Accueil de l\u2019aide Cette formation pr\u00e9sente diff\u00e9rents modules pour ma\u00eetriser Master Report. Vous avez le choix entre visionner la vid\u00e9o du module complet ou uniquement les vid\u00e9os des fonctionnalit\u00e9s, list\u00e9es dans les tableaux. Modules : Module n\u00b01 : le constat Avant-Travaux Fonctionnalit\u00e9s abord\u00e9es dans cette vid\u00e9o : &#8211; Recherche INSEE (1 min 30) &#8211; G\u00e9oportail,<\/p>\n","protected":false},"author":1,"featured_media":0,"parent":0,"menu_order":0,"comment_status":"closed","ping_status":"closed","template":"","meta":{"footnotes":""},"class_list":["post-2476","page","type-page","status-publish","hentry"],"acf":[],"_links":{"self":[{"href":"https:\/\/help.master-report.com\/index.php?rest_route=\/wp\/v2\/pages\/2476","targetHints":{"allow":["GET"]}}],"collection":[{"href":"https:\/\/help.master-report.com\/index.php?rest_route=\/wp\/v2\/pages"}],"about":[{"href":"https:\/\/help.master-report.com\/index.php?rest_route=\/wp\/v2\/types\/page"}],"author":[{"embeddable":true,"href":"https:\/\/help.master-report.com\/index.php?rest_route=\/wp\/v2\/users\/1"}],"replies":[{"embeddable":true,"href":"https:\/\/help.master-report.com\/index.php?rest_route=%2Fwp%2Fv2%2Fcomments&post=2476"}],"version-history":[{"count":40,"href":"https:\/\/help.master-report.com\/index.php?rest_route=\/wp\/v2\/pages\/2476\/revisions"}],"predecessor-version":[{"id":2617,"href":"https:\/\/help.master-report.com\/index.php?rest_route=\/wp\/v2\/pages\/2476\/revisions\/2617"}],"wp:attachment":[{"href":"https:\/\/help.master-report.com\/index.php?rest_route=%2Fwp%2Fv2%2Fmedia&parent=2476"}],"curies":[{"name":"wp","href":"https:\/\/api.w.org\/{rel}","templated":true}]}}